{"id":576,"date":"2025-12-01T17:20:42","date_gmt":"2025-12-01T22:20:42","guid":{"rendered":"https:\/\/dreamproper.optimizeddevelopment.net\/oficinas\/"},"modified":"2026-01-06T22:03:13","modified_gmt":"2026-01-07T03:03:13","slug":"offices","status":"publish","type":"page","link":"https:\/\/dreamproper.optimizeddevelopment.net\/en\/offices\/","title":{"rendered":"Offices"},"content":{"rendered":"\t\t<div data-elementor-type=\"wp-page\" data-elementor-id=\"576\" class=\"elementor elementor-576 elementor-126\" data-elementor-post-type=\"page\">\n\t\t\t\t<div class=\"elementor-element elementor-element-f8b3220 e-con-full e-flex e-con e-parent\" data-id=\"f8b3220\" data-element_type=\"container\" data-e-type=\"container\" data-settings=\"{&quot;background_background&quot;:&quot;classic&quot;}\">\n\t\t\t\t<div class=\"elementor-element elementor-element-7558614 elementor--h-position-center elementor--v-position-middle elementor-pagination-position-inside elementor-widget elementor-widget-slides\" data-id=\"7558614\" data-element_type=\"widget\" data-e-type=\"widget\" data-settings=\"{&quot;navigation&quot;:&quot;dots&quot;,&quot;autoplay&quot;:&quot;yes&quot;,&quot;pause_on_hover&quot;:&quot;yes&quot;,&quot;pause_on_interaction&quot;:&quot;yes&quot;,&quot;autoplay_speed&quot;:5000,&quot;infinite&quot;:&quot;yes&quot;,&quot;transition&quot;:&quot;slide&quot;,&quot;transition_speed&quot;:500}\" data-widget_type=\"slides.default\">\n\t\t\t\t\t\t\t\t\t\t<div class=\"elementor-slides-wrapper elementor-main-swiper swiper\" role=\"region\" aria-roledescription=\"carousel\" aria-label=\"slide-usos-mixtos\" dir=\"ltr\" data-animation=\"fadeInUp\">\n\t\t\t\t<div class=\"swiper-wrapper elementor-slides\">\n\t\t\t\t\t\t\t\t\t\t<div class=\"elementor-repeater-item-3406ed9 swiper-slide\" role=\"group\" aria-roledescription=\"slide\"><div class=\"swiper-slide-bg\" role=\"img\" aria-label=\"top_dream\"><\/div><div class=\"elementor-background-overlay\"><\/div><div class=\"swiper-slide-inner\" ><div class=\"swiper-slide-contents\"><h1 class=\"elementor-slide-heading\">Oficinas<\/h1><\/div><\/div><\/div>\t\t\t\t<\/div>\n\t\t\t\t\t\t\t<\/div>\n\t\t\t\t\t\t\t\t<\/div>\n\t\t\t\t<\/div>\n\t\t<div class=\"elementor-element elementor-element-19e6350 e-flex e-con-boxed e-con e-parent\" data-id=\"19e6350\" data-element_type=\"container\" data-e-type=\"container\">\n\t\t\t\t\t<div class=\"e-con-inner\">\n\t\t<div class=\"elementor-element elementor-element-0f612e4 e-con-full e-flex e-con e-child\" data-id=\"0f612e4\" data-element_type=\"container\" data-e-type=\"container\">\n\t\t\t\t<div class=\"elementor-element elementor-element-6b16f54 elementor-widget elementor-widget-heading\" data-id=\"6b16f54\" data-element_type=\"widget\" data-e-type=\"widget\" data-widget_type=\"heading.default\">\n\t\t\t\t\t<h2 class=\"elementor-heading-title elementor-size-default\">Trayectoria<\/h2>\t\t\t\t<\/div>\n\t\t\t\t<\/div>\n\t\t<div class=\"elementor-element elementor-element-3e3dcea e-con-full e-flex e-con e-child\" data-id=\"3e3dcea\" data-element_type=\"container\" data-e-type=\"container\">\n\t\t\t\t<div class=\"elementor-element elementor-element-33f4405 elementor-widget__width-inherit elementor-widget elementor-widget-text-editor\" data-id=\"33f4405\" data-element_type=\"widget\" data-e-type=\"widget\" data-widget_type=\"text-editor.default\">\n\t\t\t\t\t\t\t\t\t<p class=\"cvGsUA direction-ltr align-center para-style-body\"><span class=\"a_GcMg font-feature-liga-off font-feature-clig-off font-feature-calt-off text-decoration-none text-strikethrough-none\">Dream Properties act\u00faa como Asset Manager de Dream Plaza, un desarrollo insignia dise\u00f1ado por la reconocida firma internacional Gensler. Concebido como un ecosistema corporativo de uso mixto, integra oficinas clase A+, una plaza comercial con marcas de prestigio, un centro de convenciones de alto nivel y servicios complementarios que enriquecen la experiencia empresarial.<\/span><\/p><p class=\"cvGsUA direction-ltr align-center para-style-body\"><span class=\"a_GcMg font-feature-liga-off font-feature-clig-off font-feature-calt-off text-decoration-none text-strikethrough-none\">Desde su origen, Dream Plaza ha representado los principios de eficiencia, flexibilidad y excelencia constructiva, consolid\u00e1ndose como una de las direcciones corporativas m\u00e1s valoradas de Panam\u00e1.<\/span><\/p><p class=\"cvGsUA direction-ltr align-center para-style-body\"><span class=\"a_GcMg font-feature-liga-off font-feature-clig-off font-feature-calt-off text-decoration-none text-strikethrough-none\">Gracias a su planificaci\u00f3n integral y visi\u00f3n de largo plazo, el complejo ha logrado atraer a empresas nacionales e internacionales que buscan una infraestructura moderna en un entorno de alto perfil. Con una ocupaci\u00f3n s\u00f3lida y una comunidad empresarial din\u00e1mica, Dream Plaza contin\u00faa evolucionando como un referente de valor sostenible y gesti\u00f3n activa de activos dentro del portafolio del grupo.<\/span><\/p><p class=\"cvGsUA direction-ltr align-center para-style-body\">\u00a0<\/p>\t\t\t\t\t\t\t\t<\/div>\n\t\t<div class=\"elementor-element elementor-element-3c94c5a e-con-full e-flex e-con e-child\" data-id=\"3c94c5a\" data-element_type=\"container\" data-e-type=\"container\">\n\t\t\t\t<div class=\"elementor-element elementor-element-9ed9054 elementor-widget__width-initial elementor-widget elementor-widget-image\" data-id=\"9ed9054\" data-element_type=\"widget\" data-e-type=\"widget\" data-widget_type=\"image.default\">\n\t\t\t\t\t\t\t\t\t\t\t\t\t\t\t<img fetchpriority=\"high\" decoding=\"async\" width=\"300\" height=\"300\" src=\"https:\/\/dreamproper.optimizeddevelopment.net\/wp-content\/uploads\/2025\/12\/LEED_2019_GOLD.png\" class=\"attachment-large size-large wp-image-577\" alt=\"\" srcset=\"https:\/\/dreamproper.optimizeddevelopment.net\/wp-content\/uploads\/2025\/12\/LEED_2019_GOLD.png 300w, https:\/\/dreamproper.optimizeddevelopment.net\/wp-content\/uploads\/2025\/12\/LEED_2019_GOLD-150x150.png 150w\" sizes=\"(max-width: 300px) 100vw, 300px\" \/>\t\t\t\t\t\t\t\t\t\t\t\t\t\t\t<\/div>\n\t\t\t\t<div class=\"elementor-element elementor-element-0fd1f16 elementor-widget elementor-widget-text-editor\" data-id=\"0fd1f16\" data-element_type=\"widget\" data-e-type=\"widget\" data-widget_type=\"text-editor.default\">\n\t\t\t\t\t\t\t\t\tCertificaci\u00f3n LEED GOLD\t\t\t\t\t\t\t\t<\/div>\n\t\t\t\t<\/div>\n\t\t<div class=\"elementor-element elementor-element-c427492 e-con-full e-flex e-con e-child\" data-id=\"c427492\" data-element_type=\"container\" data-e-type=\"container\">\n\t\t\t\t<div class=\"elementor-element elementor-element-703ded6 elementor-widget elementor-widget-text-editor\" data-id=\"703ded6\" data-element_type=\"widget\" data-e-type=\"widget\" data-widget_type=\"text-editor.default\">\n\t\t\t\t\t\t\t\t\t<p style=\"text-align: center;\">32,000 m<sup>2<\/sup><\/p>\t\t\t\t\t\t\t\t<\/div>\n\t\t\t\t<div class=\"elementor-element elementor-element-3b656ee elementor-widget elementor-widget-text-editor\" data-id=\"3b656ee\" data-element_type=\"widget\" data-e-type=\"widget\" data-widget_type=\"text-editor.default\">\n\t\t\t\t\t\t\t\t\tGLA\t\t\t\t\t\t\t\t<\/div>\n\t\t\t\t<\/div>\n\t\t<div class=\"elementor-element elementor-element-2bcf215 e-con-full e-flex e-con e-child\" data-id=\"2bcf215\" data-element_type=\"container\" data-e-type=\"container\">\n\t\t\t\t<div class=\"elementor-element elementor-element-679a048 elementor-widget elementor-widget-text-editor\" data-id=\"679a048\" data-element_type=\"widget\" data-e-type=\"widget\" data-widget_type=\"text-editor.default\">\n\t\t\t\t\t\t\t\t\t<p style=\"text-align: center;\"><span class=\"a_GcMg font-feature-liga-off font-feature-clig-off font-feature-calt-off text-decoration-none text-strikethrough-none\">90%<\/span><\/p>\t\t\t\t\t\t\t\t<\/div>\n\t\t\t\t<div class=\"elementor-element elementor-element-6b2edbf elementor-widget elementor-widget-text-editor\" data-id=\"6b2edbf\" data-element_type=\"widget\" data-e-type=\"widget\" data-widget_type=\"text-editor.default\">\n\t\t\t\t\t\t\t\t\tOcupaci\u00f3n exclusiva de multinacionales\t\t\t\t\t\t\t\t<\/div>\n\t\t\t\t<\/div>\n\t\t<div class=\"elementor-element elementor-element-9543824 e-con-full e-flex e-con e-child\" data-id=\"9543824\" data-element_type=\"container\" data-e-type=\"container\">\n\t\t\t\t<div class=\"elementor-element elementor-element-5a15c01 elementor-widget__width-initial elementor-widget elementor-widget-image\" data-id=\"5a15c01\" data-element_type=\"widget\" data-e-type=\"widget\" data-widget_type=\"image.default\">\n\t\t\t\t\t\t\t\t\t\t\t\t\t\t\t<img decoding=\"async\" width=\"250\" height=\"213\" src=\"https:\/\/dreamproper.optimizeddevelopment.net\/wp-content\/uploads\/2025\/12\/UN_emblem_blue.svg_.webp\" class=\"attachment-large size-large wp-image-578\" alt=\"\" \/>\t\t\t\t\t\t\t\t\t\t\t\t\t\t\t<\/div>\n\t\t\t\t<div class=\"elementor-element elementor-element-75c4059 elementor-widget elementor-widget-text-editor\" data-id=\"75c4059\" data-element_type=\"widget\" data-e-type=\"widget\" data-widget_type=\"text-editor.default\">\n\t\t\t\t\t\t\t\t\tSede regional de las Naciones Unidas\t\t\t\t\t\t\t\t<\/div>\n\t\t\t\t<\/div>\n\t\t\t\t<\/div>\n\t\t\t\t\t<\/div>\n\t\t\t\t<\/div>\n\t\t<div class=\"elementor-element elementor-element-b6dbdb2 e-flex e-con-boxed e-con e-parent\" data-id=\"b6dbdb2\" data-element_type=\"container\" data-e-type=\"container\">\n\t\t\t\t\t<div class=\"e-con-inner\">\n\t\t\t\t<div class=\"elementor-element elementor-element-dab88b0 elementor-widget elementor-widget-heading\" data-id=\"dab88b0\" data-element_type=\"widget\" data-e-type=\"widget\" data-widget_type=\"heading.default\">\n\t\t\t\t\t<h2 class=\"elementor-heading-title elementor-size-default\">Nuestros Desarrollos<\/h2>\t\t\t\t<\/div>\n\t\t\t\t<div class=\"elementor-element elementor-element-b4190e5 elementor-grid-4 elementor-grid-tablet-2 elementor-grid-mobile-1 elementor-widget elementor-widget-loop-grid\" data-id=\"b4190e5\" data-element_type=\"widget\" data-e-type=\"widget\" data-settings=\"{&quot;template_id&quot;:61,&quot;columns&quot;:4,&quot;_skin&quot;:&quot;post&quot;,&quot;columns_tablet&quot;:&quot;2&quot;,&quot;columns_mobile&quot;:&quot;1&quot;,&quot;edit_handle_selector&quot;:&quot;[data-elementor-type=\\&quot;loop-item\\&quot;]&quot;,&quot;row_gap&quot;:{&quot;unit&quot;:&quot;px&quot;,&quot;size&quot;:&quot;&quot;,&quot;sizes&quot;:[]},&quot;row_gap_tablet&quot;:{&quot;unit&quot;:&quot;px&quot;,&quot;size&quot;:&quot;&quot;,&quot;sizes&quot;:[]},&quot;row_gap_mobile&quot;:{&quot;unit&quot;:&quot;px&quot;,&quot;size&quot;:&quot;&quot;,&quot;sizes&quot;:[]}}\" data-widget_type=\"loop-grid.post\">\n\t\t\t\t<div class=\"elementor-widget-container\">\n\t\t\t\t\t\t\t<div class=\"elementor-loop-container elementor-grid\" role=\"list\">\n\t\t<style id=\"loop-61\">.elementor-61 .elementor-element.elementor-element-d22fddd{--display:flex;--flex-direction:column;--container-widget-width:100%;--container-widget-height:initial;--container-widget-flex-grow:0;--container-widget-align-self:initial;--flex-wrap-mobile:wrap;--gap:10px 10px;--row-gap:10px;--column-gap:10px;}.elementor-61 .elementor-element.elementor-element-68f41ab .elementor-heading-title{font-family:\"Inter\", sans-serif;font-weight:400;color:var( --e-global-color-text );}.elementor-61 .elementor-element.elementor-element-a2d6dee .elementor-icon-list-icon i{color:var( --e-global-color-primary );font-size:14px;}.elementor-61 .elementor-element.elementor-element-a2d6dee .elementor-icon-list-icon svg{fill:var( --e-global-color-primary );--e-icon-list-icon-size:14px;}.elementor-61 .elementor-element.elementor-element-a2d6dee .elementor-icon-list-icon{width:14px;}<\/style>\t\t<div data-elementor-type=\"loop-item\" data-elementor-id=\"61\" class=\"elementor elementor-61 e-loop-item e-loop-item-604 post-604 post type-post status-publish format-standard has-post-thumbnail hentry category-offices\" data-elementor-post-type=\"elementor_library\" data-custom-edit-handle=\"1\">\n\t\t\t<div class=\"elementor-element elementor-element-d22fddd e-flex e-con-boxed e-con e-parent\" data-id=\"d22fddd\" data-element_type=\"container\" data-e-type=\"container\">\n\t\t\t\t\t<div class=\"e-con-inner\">\n\t\t\t\t<div class=\"elementor-element elementor-element-9f97a01 elementor-widget elementor-widget-theme-post-featured-image elementor-widget-image\" data-id=\"9f97a01\" data-element_type=\"widget\" data-e-type=\"widget\" data-widget_type=\"theme-post-featured-image.default\">\n\t\t\t\t\t\t\t\t\t\t\t\t\t\t\t\t<a href=\"https:\/\/dreamproper.optimizeddevelopment.net\/en\/dream-plaza\/\">\n\t\t\t\t\t\t\t<img decoding=\"async\" width=\"800\" height=\"800\" src=\"https:\/\/dreamproper.optimizeddevelopment.net\/wp-content\/uploads\/2025\/10\/dream_plaza.webp\" class=\"attachment-full size-full wp-image-557\" alt=\"\" srcset=\"https:\/\/dreamproper.optimizeddevelopment.net\/wp-content\/uploads\/2025\/10\/dream_plaza.webp 800w, https:\/\/dreamproper.optimizeddevelopment.net\/wp-content\/uploads\/2025\/10\/dream_plaza-300x300.webp 300w, https:\/\/dreamproper.optimizeddevelopment.net\/wp-content\/uploads\/2025\/10\/dream_plaza-150x150.webp 150w, https:\/\/dreamproper.optimizeddevelopment.net\/wp-content\/uploads\/2025\/10\/dream_plaza-768x768.webp 768w\" sizes=\"(max-width: 800px) 100vw, 800px\" \/>\t\t\t\t\t\t\t\t<\/a>\n\t\t\t\t\t\t\t\t\t\t\t\t\t\t\t<\/div>\n\t\t\t\t<div class=\"elementor-element elementor-element-68f41ab elementor-widget elementor-widget-heading\" data-id=\"68f41ab\" data-element_type=\"widget\" data-e-type=\"widget\" data-widget_type=\"heading.default\">\n\t\t\t\t\t<h3 class=\"elementor-heading-title elementor-size-default\"><a href=\"https:\/\/dreamproper.optimizeddevelopment.net\/en\/dream-plaza\/\">Dream Plaza<\/a><\/h3>\t\t\t\t<\/div>\n\t\t\t\t<div class=\"elementor-element elementor-element-a2d6dee elementor-widget elementor-widget-post-info\" data-id=\"a2d6dee\" data-element_type=\"widget\" data-e-type=\"widget\" data-widget_type=\"post-info.default\">\n\t\t\t\t\t\t\t<ul class=\"elementor-icon-list-items elementor-post-info\">\n\t\t\t\t\t\t\t\t<li class=\"elementor-icon-list-item elementor-repeater-item-f20a775\" itemprop=\"about\">\n\t\t\t\t\t\t\t\t\t\t<span class=\"elementor-icon-list-icon\">\n\t\t\t\t\t\t\t\t<svg aria-hidden=\"true\" class=\"e-font-icon-svg e-fas-city\" viewBox=\"0 0 640 512\" xmlns=\"http:\/\/www.w3.org\/2000\/svg\"><path d=\"M616 192H480V24c0-13.26-10.74-24-24-24H312c-13.26 0-24 10.74-24 24v72h-64V16c0-8.84-7.16-16-16-16h-16c-8.84 0-16 7.16-16 16v80h-64V16c0-8.84-7.16-16-16-16H80c-8.84 0-16 7.16-16 16v80H24c-13.26 0-24 10.74-24 24v360c0 17.67 14.33 32 32 32h576c17.67 0 32-14.33 32-32V216c0-13.26-10.75-24-24-24zM128 404c0 6.63-5.37 12-12 12H76c-6.63 0-12-5.37-12-12v-40c0-6.63 5.37-12 12-12h40c6.63 0 12 5.37 12 12v40zm0-96c0 6.63-5.37 12-12 12H76c-6.63 0-12-5.37-12-12v-40c0-6.63 5.37-12 12-12h40c6.63 0 12 5.37 12 12v40zm0-96c0 6.63-5.37 12-12 12H76c-6.63 0-12-5.37-12-12v-40c0-6.63 5.37-12 12-12h40c6.63 0 12 5.37 12 12v40zm128 192c0 6.63-5.37 12-12 12h-40c-6.63 0-12-5.37-12-12v-40c0-6.63 5.37-12 12-12h40c6.63 0 12 5.37 12 12v40zm0-96c0 6.63-5.37 12-12 12h-40c-6.63 0-12-5.37-12-12v-40c0-6.63 5.37-12 12-12h40c6.63 0 12 5.37 12 12v40zm0-96c0 6.63-5.37 12-12 12h-40c-6.63 0-12-5.37-12-12v-40c0-6.63 5.37-12 12-12h40c6.63 0 12 5.37 12 12v40zm160 96c0 6.63-5.37 12-12 12h-40c-6.63 0-12-5.37-12-12v-40c0-6.63 5.37-12 12-12h40c6.63 0 12 5.37 12 12v40zm0-96c0 6.63-5.37 12-12 12h-40c-6.63 0-12-5.37-12-12v-40c0-6.63 5.37-12 12-12h40c6.63 0 12 5.37 12 12v40zm0-96c0 6.63-5.37 12-12 12h-40c-6.63 0-12-5.37-12-12V76c0-6.63 5.37-12 12-12h40c6.63 0 12 5.37 12 12v40zm160 288c0 6.63-5.37 12-12 12h-40c-6.63 0-12-5.37-12-12v-40c0-6.63 5.37-12 12-12h40c6.63 0 12 5.37 12 12v40zm0-96c0 6.63-5.37 12-12 12h-40c-6.63 0-12-5.37-12-12v-40c0-6.63 5.37-12 12-12h40c6.63 0 12 5.37 12 12v40z\"><\/path><\/svg>\t\t\t\t\t\t\t<\/span>\n\t\t\t\t\t\t\t\t\t<span class=\"elementor-icon-list-text elementor-post-info__item elementor-post-info__item--type-terms\">\n\t\t\t\t\t\t\t\t\t\t<span class=\"elementor-post-info__terms-list\">\n\t\t\t\t<span class=\"elementor-post-info__terms-list-item\">Offices<\/span>\t\t\t\t<\/span>\n\t\t\t\t\t<\/span>\n\t\t\t\t\t\t\t\t<\/li>\n\t\t\t\t<\/ul>\n\t\t\t\t\t\t<\/div>\n\t\t\t\t\t<\/div>\n\t\t\t\t<\/div>\n\t\t\t\t<\/div>\n\t\t\t\t<\/div>\n\t\t\n\t\t\t\t\t\t<\/div>\n\t\t\t\t<\/div>\n\t\t\t\t\t<\/div>\n\t\t\t\t<\/div>\n\t\t\t\t<\/div>\n\t\t","protected":false},"excerpt":{"rendered":"<p>Oficinas Trayectoria Dream Properties act\u00faa como Asset Manager de Dream Plaza, un desarrollo insignia dise\u00f1ado por la reconocida firma internacional Gensler. Concebido como un ecosistema corporativo de uso mixto, integra oficinas clase A+, una plaza comercial con marcas de prestigio, un centro de convenciones de alto nivel y servicios complementarios que enriquecen la experiencia empresarial. [&hellip;]<\/p>\n","protected":false},"author":1,"featured_media":0,"parent":0,"menu_order":0,"comment_status":"closed","ping_status":"closed","template":"","meta":{"footnotes":""},"class_list":["post-576","page","type-page","status-publish","hentry"],"_links":{"self":[{"href":"https:\/\/dreamproper.optimizeddevelopment.net\/en\/wp-json\/wp\/v2\/pages\/576","targetHints":{"allow":["GET"]}}],"collection":[{"href":"https:\/\/dreamproper.optimizeddevelopment.net\/en\/wp-json\/wp\/v2\/pages"}],"about":[{"href":"https:\/\/dreamproper.optimizeddevelopment.net\/en\/wp-json\/wp\/v2\/types\/page"}],"author":[{"embeddable":true,"href":"https:\/\/dreamproper.optimizeddevelopment.net\/en\/wp-json\/wp\/v2\/users\/1"}],"replies":[{"embeddable":true,"href":"https:\/\/dreamproper.optimizeddevelopment.net\/en\/wp-json\/wp\/v2\/comments?post=576"}],"version-history":[{"count":2,"href":"https:\/\/dreamproper.optimizeddevelopment.net\/en\/wp-json\/wp\/v2\/pages\/576\/revisions"}],"predecessor-version":[{"id":720,"href":"https:\/\/dreamproper.optimizeddevelopment.net\/en\/wp-json\/wp\/v2\/pages\/576\/revisions\/720"}],"wp:attachment":[{"href":"https:\/\/dreamproper.optimizeddevelopment.net\/en\/wp-json\/wp\/v2\/media?parent=576"}],"curies":[{"name":"wp","href":"https:\/\/api.w.org\/{rel}","templated":true}]}}