{"id":565,"date":"2025-12-01T17:17:40","date_gmt":"2025-12-01T22:17:40","guid":{"rendered":"https:\/\/dreamproper.optimizeddevelopment.net\/historia-del-grupo\/"},"modified":"2026-01-06T21:50:49","modified_gmt":"2026-01-07T02:50:49","slug":"history-of-the-group","status":"publish","type":"page","link":"https:\/\/dreamproper.optimizeddevelopment.net\/en\/history-of-the-group\/","title":{"rendered":"History of the Group"},"content":{"rendered":"\t\t<div data-elementor-type=\"wp-page\" data-elementor-id=\"565\" class=\"elementor elementor-565 elementor-118\" data-elementor-post-type=\"page\">\n\t\t\t\t<div class=\"elementor-element elementor-element-922d6a4 e-con-full e-flex e-con e-parent\" data-id=\"922d6a4\" data-element_type=\"container\" data-e-type=\"container\">\n\t\t\t\t<div class=\"elementor-element elementor-element-84a618e elementor--h-position-center elementor--v-position-middle elementor-pagination-position-inside elementor-widget elementor-widget-slides\" data-id=\"84a618e\" data-element_type=\"widget\" data-e-type=\"widget\" data-settings=\"{&quot;navigation&quot;:&quot;dots&quot;,&quot;autoplay&quot;:&quot;yes&quot;,&quot;pause_on_hover&quot;:&quot;yes&quot;,&quot;pause_on_interaction&quot;:&quot;yes&quot;,&quot;autoplay_speed&quot;:5000,&quot;infinite&quot;:&quot;yes&quot;,&quot;transition&quot;:&quot;slide&quot;,&quot;transition_speed&quot;:500}\" data-widget_type=\"slides.default\">\n\t\t\t\t\t\t\t\t\t\t<div class=\"elementor-slides-wrapper elementor-main-swiper swiper\" role=\"region\" aria-roledescription=\"carousel\" aria-label=\"slide-home\" dir=\"ltr\" data-animation=\"fadeInUp\">\n\t\t\t\t<div class=\"swiper-wrapper elementor-slides\">\n\t\t\t\t\t\t\t\t\t\t<div class=\"elementor-repeater-item-3406ed9 swiper-slide\" role=\"group\" aria-roledescription=\"slide\"><div class=\"swiper-slide-bg\" role=\"img\" aria-label=\"top_dream\"><\/div><div class=\"elementor-background-overlay\"><\/div><div class=\"swiper-slide-inner\" ><div class=\"swiper-slide-contents\"><div class=\"elementor-slide-heading\">Historia del Grupo<\/div><\/div><\/div><\/div>\t\t\t\t<\/div>\n\t\t\t\t\t\t\t<\/div>\n\t\t\t\t\t\t\t\t<\/div>\n\t\t\t\t<\/div>\n\t\t<div class=\"elementor-element elementor-element-3bf1791 e-flex e-con-boxed e-con e-parent\" data-id=\"3bf1791\" data-element_type=\"container\" data-e-type=\"container\">\n\t\t\t\t\t<div class=\"e-con-inner\">\n\t\t<div class=\"elementor-element elementor-element-ab441cd e-con-full e-flex e-con e-child\" data-id=\"ab441cd\" data-element_type=\"container\" data-e-type=\"container\">\n\t\t\t\t<div class=\"elementor-element elementor-element-bbfd920 elementor-widget elementor-widget-heading\" data-id=\"bbfd920\" data-element_type=\"widget\" data-e-type=\"widget\" data-widget_type=\"heading.default\">\n\t\t\t\t\t<h2 class=\"elementor-heading-title elementor-size-default\">Cuatro d\u00e9cadas construyendo valor<\/h2>\t\t\t\t<\/div>\n\t\t\t\t<div class=\"elementor-element elementor-element-3810ad1 elementor-widget__width-initial elementor-widget elementor-widget-text-editor\" data-id=\"3810ad1\" data-element_type=\"widget\" data-e-type=\"widget\" data-widget_type=\"text-editor.default\">\n\t\t\t\t\t\t\t\t\t<p>Con m\u00e1s de 40 a\u00f1os de experiencia en Panam\u00e1 y Colombia, Dream Properties se ha consolidado como un referente en el desarrollo, planificaci\u00f3n, promoci\u00f3n y administraci\u00f3n de proyectos inmobiliarios de alquiler con los m\u00e1s altos est\u00e1ndares internacionales.<\/p><p>Nuestro portafolio abarca espacios de oficinas, comercios, mini bodegas y proyectos log\u00edsticos e industriales, concebidos desde su origen con la premisa de ofrecer a nuestros clientes eficiencias que impulsen el buen funcionamiento de sus negocios.<\/p><p>Cada desarrollo se distingue por su ubicaci\u00f3n estrat\u00e9gica, el aprovechamiento inteligente de los espacios y un mantenimiento de excelencia que asegura la continuidad operativa, creando valor sostenible para clientes, inversionistas y comunidades.<\/p>\t\t\t\t\t\t\t\t<\/div>\n\t\t\t\t<\/div>\n\t\t\t\t\t<\/div>\n\t\t\t\t<\/div>\n\t\t<div class=\"elementor-element elementor-element-a2bf2f5 e-flex e-con-boxed e-con e-parent\" data-id=\"a2bf2f5\" data-element_type=\"container\" data-e-type=\"container\">\n\t\t\t\t\t<div class=\"e-con-inner\">\n\t\t<div class=\"elementor-element elementor-element-6ee3a28 e-con-full e-flex e-con e-child\" data-id=\"6ee3a28\" data-element_type=\"container\" data-e-type=\"container\">\n\t\t\t\t<div class=\"elementor-element elementor-element-dd7f508 elementor-widget elementor-widget-heading\" data-id=\"dd7f508\" data-element_type=\"widget\" data-e-type=\"widget\" data-widget_type=\"heading.default\">\n\t\t\t\t\t<h2 class=\"elementor-heading-title elementor-size-default\">Misi\u00f3n<\/h2>\t\t\t\t<\/div>\n\t\t\t\t<div class=\"elementor-element elementor-element-05d302b elementor-widget elementor-widget-text-editor\" data-id=\"05d302b\" data-element_type=\"widget\" data-e-type=\"widget\" data-widget_type=\"text-editor.default\">\n\t\t\t\t\t\t\t\t\t<p><span class=\"a_GcMg font-feature-liga-off font-feature-clig-off font-feature-calt-off text-decoration-none text-strikethrough-none\">Gestionar, operar y brindar soporte especializado en contabilidad, finanzas, tributos y administraci\u00f3n de activos a las empresas del grupo econ\u00f3mico, asegurando eficiencia operativa, cumplimiento normativo y creaci\u00f3n de valor en un portafolio diversificado que incluye activos inmobiliarios comerciales, industriales y de uso mixto.<\/span><\/p>\t\t\t\t\t\t\t\t<\/div>\n\t\t\t\t<\/div>\n\t\t<div class=\"elementor-element elementor-element-2897321 e-con-full e-flex e-con e-child\" data-id=\"2897321\" data-element_type=\"container\" data-e-type=\"container\">\n\t\t\t\t<div class=\"elementor-element elementor-element-6d0dbcf elementor-widget elementor-widget-image\" data-id=\"6d0dbcf\" data-element_type=\"widget\" data-e-type=\"widget\" data-widget_type=\"image.default\">\n\t\t\t\t\t\t\t\t\t\t\t\t\t\t\t<img fetchpriority=\"high\" decoding=\"async\" width=\"800\" height=\"533\" src=\"https:\/\/dreamproper.optimizeddevelopment.net\/wp-content\/uploads\/2025\/12\/DJI_0241.webp\" class=\"attachment-large size-large wp-image-566\" alt=\"\" srcset=\"https:\/\/dreamproper.optimizeddevelopment.net\/wp-content\/uploads\/2025\/12\/DJI_0241.webp 800w, https:\/\/dreamproper.optimizeddevelopment.net\/wp-content\/uploads\/2025\/12\/DJI_0241-300x200.webp 300w, https:\/\/dreamproper.optimizeddevelopment.net\/wp-content\/uploads\/2025\/12\/DJI_0241-768x512.webp 768w\" sizes=\"(max-width: 800px) 100vw, 800px\" \/>\t\t\t\t\t\t\t\t\t\t\t\t\t\t\t<\/div>\n\t\t\t\t<\/div>\n\t\t\t\t\t<\/div>\n\t\t\t\t<\/div>\n\t\t<div class=\"elementor-element elementor-element-e2cdbea e-flex e-con-boxed e-con e-parent\" data-id=\"e2cdbea\" data-element_type=\"container\" data-e-type=\"container\">\n\t\t\t\t\t<div class=\"e-con-inner\">\n\t\t<div class=\"elementor-element elementor-element-fdadf4f e-con-full e-flex e-con e-child\" data-id=\"fdadf4f\" data-element_type=\"container\" data-e-type=\"container\">\n\t\t\t\t<div class=\"elementor-element elementor-element-8bb8d3c elementor-widget elementor-widget-image\" data-id=\"8bb8d3c\" data-element_type=\"widget\" data-e-type=\"widget\" data-widget_type=\"image.default\">\n\t\t\t\t\t\t\t\t\t\t\t\t\t\t\t<img decoding=\"async\" width=\"800\" height=\"650\" src=\"https:\/\/dreamproper.optimizeddevelopment.net\/wp-content\/uploads\/2025\/12\/IMG_4592.webp\" class=\"attachment-large size-large wp-image-568\" alt=\"\" srcset=\"https:\/\/dreamproper.optimizeddevelopment.net\/wp-content\/uploads\/2025\/12\/IMG_4592.webp 800w, https:\/\/dreamproper.optimizeddevelopment.net\/wp-content\/uploads\/2025\/12\/IMG_4592-300x244.webp 300w, https:\/\/dreamproper.optimizeddevelopment.net\/wp-content\/uploads\/2025\/12\/IMG_4592-768x624.webp 768w\" sizes=\"(max-width: 800px) 100vw, 800px\" \/>\t\t\t\t\t\t\t\t\t\t\t\t\t\t\t<\/div>\n\t\t\t\t<\/div>\n\t\t<div class=\"elementor-element elementor-element-6824b20 e-con-full e-flex e-con e-child\" data-id=\"6824b20\" data-element_type=\"container\" data-e-type=\"container\">\n\t\t\t\t<div class=\"elementor-element elementor-element-b5ff45c elementor-widget elementor-widget-heading\" data-id=\"b5ff45c\" data-element_type=\"widget\" data-e-type=\"widget\" data-widget_type=\"heading.default\">\n\t\t\t\t\t<h2 class=\"elementor-heading-title elementor-size-default\">Visi\u00f3n<\/h2>\t\t\t\t<\/div>\n\t\t\t\t<div class=\"elementor-element elementor-element-846f02a elementor-widget elementor-widget-text-editor\" data-id=\"846f02a\" data-element_type=\"widget\" data-e-type=\"widget\" data-widget_type=\"text-editor.default\">\n\t\t\t\t\t\t\t\t\t<p><span class=\"a_GcMg font-feature-liga-off font-feature-clig-off font-feature-calt-off text-decoration-none text-strikethrough-none\">Ser una unidad estrat\u00e9gica de clase mundial dentro del grupo econ\u00f3mico, reconocida por su capacidad de gestionar y optimizar activos financieros e inmobiliarios, maximizando la rentabilidad, sostenibilidad y retorno para los accionistas del grupo.<\/span><\/p>\t\t\t\t\t\t\t\t<\/div>\n\t\t\t\t<\/div>\n\t\t\t\t\t<\/div>\n\t\t\t\t<\/div>\n\t\t<div class=\"elementor-element elementor-element-b985df5 e-flex e-con-boxed e-con e-parent\" data-id=\"b985df5\" data-element_type=\"container\" data-e-type=\"container\">\n\t\t\t\t\t<div class=\"e-con-inner\">\n\t\t<div class=\"elementor-element elementor-element-2858ad4 e-con-full e-flex e-con e-child\" data-id=\"2858ad4\" data-element_type=\"container\" data-e-type=\"container\">\n\t\t\t\t<div class=\"elementor-element elementor-element-7405477 elementor-widget elementor-widget-heading\" data-id=\"7405477\" data-element_type=\"widget\" data-e-type=\"widget\" data-widget_type=\"heading.default\">\n\t\t\t\t\t<h2 class=\"elementor-heading-title elementor-size-default\">Nuestros servicios<\/h2>\t\t\t\t<\/div>\n\t\t\t\t<div class=\"elementor-element elementor-element-a0f89f0 elementor-widget elementor-widget-text-editor\" data-id=\"a0f89f0\" data-element_type=\"widget\" data-e-type=\"widget\" data-widget_type=\"text-editor.default\">\n\t\t\t\t\t\t\t\t\t<ul><li>Leasing Comercial<\/li><li>Gestion Financiera de Activos<\/li><li>Gesti\u00f3n de propiedades<\/li><li>Manejo de riesgo, Compliance y respaldo Legal<\/li><li>Equipo de mantenimiento in house<\/li><li>Recursos Humanos<\/li><li>Mercadeo<\/li><li>Soporte IT<\/li><\/ul>\t\t\t\t\t\t\t\t<\/div>\n\t\t\t\t<\/div>\n\t\t<div class=\"elementor-element elementor-element-be0eff3 e-con-full e-flex e-con e-child\" data-id=\"be0eff3\" data-element_type=\"container\" data-e-type=\"container\">\n\t\t\t\t<div class=\"elementor-element elementor-element-945ad5b elementor-widget elementor-widget-image\" data-id=\"945ad5b\" data-element_type=\"widget\" data-e-type=\"widget\" data-widget_type=\"image.default\">\n\t\t\t\t\t\t\t\t\t\t\t\t\t\t\t<img decoding=\"async\" width=\"700\" height=\"466\" src=\"https:\/\/dreamproper.optimizeddevelopment.net\/wp-content\/uploads\/2025\/12\/DSC02776.webp\" class=\"attachment-large size-large wp-image-569\" alt=\"\" srcset=\"https:\/\/dreamproper.optimizeddevelopment.net\/wp-content\/uploads\/2025\/12\/DSC02776.webp 700w, https:\/\/dreamproper.optimizeddevelopment.net\/wp-content\/uploads\/2025\/12\/DSC02776-300x200.webp 300w\" sizes=\"(max-width: 700px) 100vw, 700px\" \/>\t\t\t\t\t\t\t\t\t\t\t\t\t\t\t<\/div>\n\t\t\t\t<\/div>\n\t\t\t\t\t<\/div>\n\t\t\t\t<\/div>\n\t\t\t\t<\/div>\n\t\t","protected":false},"excerpt":{"rendered":"<p>Historia del Grupo Cuatro d\u00e9cadas construyendo valor Con m\u00e1s de 40 a\u00f1os de experiencia en Panam\u00e1 y Colombia, Dream Properties se ha consolidado como un referente en el desarrollo, planificaci\u00f3n, promoci\u00f3n y administraci\u00f3n de proyectos inmobiliarios de alquiler con los m\u00e1s altos est\u00e1ndares internacionales. Nuestro portafolio abarca espacios de oficinas, comercios, mini bodegas y proyectos [&hellip;]<\/p>\n","protected":false},"author":1,"featured_media":0,"parent":0,"menu_order":0,"comment_status":"closed","ping_status":"closed","template":"","meta":{"footnotes":""},"class_list":["post-565","page","type-page","status-publish","hentry"],"_links":{"self":[{"href":"https:\/\/dreamproper.optimizeddevelopment.net\/en\/wp-json\/wp\/v2\/pages\/565","targetHints":{"allow":["GET"]}}],"collection":[{"href":"https:\/\/dreamproper.optimizeddevelopment.net\/en\/wp-json\/wp\/v2\/pages"}],"about":[{"href":"https:\/\/dreamproper.optimizeddevelopment.net\/en\/wp-json\/wp\/v2\/types\/page"}],"author":[{"embeddable":true,"href":"https:\/\/dreamproper.optimizeddevelopment.net\/en\/wp-json\/wp\/v2\/users\/1"}],"replies":[{"embeddable":true,"href":"https:\/\/dreamproper.optimizeddevelopment.net\/en\/wp-json\/wp\/v2\/comments?post=565"}],"version-history":[{"count":7,"href":"https:\/\/dreamproper.optimizeddevelopment.net\/en\/wp-json\/wp\/v2\/pages\/565\/revisions"}],"predecessor-version":[{"id":716,"href":"https:\/\/dreamproper.optimizeddevelopment.net\/en\/wp-json\/wp\/v2\/pages\/565\/revisions\/716"}],"wp:attachment":[{"href":"https:\/\/dreamproper.optimizeddevelopment.net\/en\/wp-json\/wp\/v2\/media?parent=565"}],"curies":[{"name":"wp","href":"https:\/\/api.w.org\/{rel}","templated":true}]}}